{"id":288,"date":"2021-11-12T14:22:29","date_gmt":"2021-11-12T13:22:29","guid":{"rendered":"https:\/\/www.palazzolateranense.com\/?page_id=288"},"modified":"2021-11-12T16:50:33","modified_gmt":"2021-11-12T15:50:33","slug":"la-casa-e-la-cattedrale-del-vescovo-di-roma","status":"publish","type":"page","link":"https:\/\/www.palazzolateranense.com\/it\/la-casa-e-la-cattedrale-del-vescovo-di-roma\/","title":{"rendered":"La Casa e la Cattedrale del Vescovo di Roma"},"content":{"rendered":"<p>[vc_row full_width=&#8221;stretch_row&#8221; css=&#8221;.vc_custom_1636122042506{background-image: url(https:\/\/www.palazzolateranense.com\/wp-content\/uploads\/2021\/11\/sfondobasso.jpg?id=223) !important;background-position: center !important;background-repeat: no-repeat !important;background-size: contain !important;}&#8221; el_class=&#8221;sfondoVisite&#8221;][vc_column][vc_row_inner content_placement=&#8221;middle&#8221;][vc_column_inner width=&#8221;2\/3&#8243; offset=&#8221;vc_hidden-sm vc_hidden-xs&#8221;][vc_custom_heading text=&#8221;Il Palazzo Apostolico Lateranense e<br \/>\nla Basilica di San Giovanni in Laterano&#8221; font_container=&#8221;tag:h2|font_size:50px|text_align:left|color:%231a3f92|line_height:61px&#8221; use_theme_fonts=&#8221;yes&#8221;][vc_empty_space][vc_column_text]Un viaggio entusiasmante tra le pagine della storia della Chiesa, dove <strong>arte e fede<\/strong> si intrecciano in una fecondit\u00e0 luminosa che riesce a trasmettere <strong>stupore, sapienza e bellezza<\/strong> alle diverse generazioni. Questo itinerario \u00e8 stato pensato per corrispondere al vivo desiderio di<strong> Papa Francesco<\/strong> che, come Vescovo di Roma, desidera <strong>valorizzare questo luogo<\/strong> in quanto espressione di fede, di cultura e di bellezza.<\/p>\n<p>In uno dei quartieri storici dell\u2019Urbe, attiguo alla <strong>Basilica di San Giovanni in Laterano<\/strong>, \u201cMadre e Capo\u201d di tutte le chiese di Roma e del mondo, si erge il <strong>Palazzo Apostolico Lateranense<\/strong>.<\/p>\n<p>L\u2019area e le costruzioni un tempo appartenute all\u2019<strong>antica famiglia dei Laterani<\/strong>, furono donate da Costantino a Papa Milziade I, a seguito della vittoria ottenuta contro il rivale Massenzio presso Ponte Milvio il 28 ottobre del 312 d.C..[\/vc_column_text][vc_column_text]Costantino concesse la libert\u00e0 di culto con l\u2019<strong>Editto di Milano del 313<\/strong> e si fece promotore della costruzione dei luoghi di culto per i cristiani che, fino a quel tempo, avevano professato la loro fede tra intolleranze e persecuzioni. La <strong>Basilica del Santissimo Salvatore<\/strong>, che in seguito si chiamer\u00e0 San Giovanni in Laterano, sar\u00e0 l\u2019unica non costruita sulla sepoltura di un martire, bens\u00ec come <em>ex voto suscepto<\/em> (per grazia ricevuta), sui resti dei <em>Castra Nova Equitum singularium, <\/em>caserma dei pretoriani del rivale di Costantino, Massenzio.[\/vc_column_text][\/vc_column_inner][vc_column_inner width=&#8221;1\/3&#8243; offset=&#8221;vc_hidden-sm vc_hidden-xs&#8221;][vc_single_image image=&#8221;375&#8243; img_size=&#8221;full&#8221; alignment=&#8221;center&#8221; css_animation=&#8221;fadeIn&#8221;][\/vc_column_inner][\/vc_row_inner][vc_row_inner content_placement=&#8221;middle&#8221;][vc_column_inner offset=&#8221;vc_hidden-lg vc_hidden-md&#8221;][vc_single_image image=&#8221;375&#8243; img_size=&#8221;full&#8221; alignment=&#8221;center&#8221; css_animation=&#8221;fadeIn&#8221;][vc_custom_heading text=&#8221;Il Palazzo Apostolico Lateranense e<br \/>\nla Basilica di San Giovanni in Laterano&#8221; font_container=&#8221;tag:h2|font_size:50px|text_align:left|color:%231a3f92|line_height:61px&#8221; use_theme_fonts=&#8221;yes&#8221;][vc_empty_space][vc_column_text]Un viaggio entusiasmante tra le pagine della storia della Chiesa, dove <strong>arte e fede<\/strong> si intrecciano in una fecondit\u00e0 luminosa che riesce a trasmettere <strong>stupore, sapienza e bellezza<\/strong> alle diverse generazioni. Questo itinerario \u00e8 stato pensato per corrispondere al vivo desiderio di<strong> Papa Francesco<\/strong> che, come Vescovo di Roma, desidera <strong>valorizzare questo luogo<\/strong> in quanto espressione di fede, di cultura e di bellezza.<\/p>\n<p>In uno dei quartieri storici dell\u2019Urbe, attiguo alla <strong>Basilica di San Giovanni in Laterano<\/strong>, \u201cMadre e Capo\u201d di tutte le chiese di Roma e del mondo, si erge il <strong>Palazzo Apostolico Lateranense<\/strong>.<\/p>\n<p>L\u2019area e le costruzioni un tempo appartenute all\u2019<strong>antica famiglia dei Laterani<\/strong>, furono donate da Costantino a Papa Milziade I, a seguito della vittoria ottenuta contro il rivale Massenzio presso Ponte Milvio il 28 ottobre del 312 d.C..[\/vc_column_text][vc_column_text]Costantino concesse la libert\u00e0 di culto con l\u2019<strong>Editto di Milano del 313<\/strong> e si fece promotore della costruzione dei luoghi di culto per i cristiani che, fino a quel tempo, avevano professato la loro fede tra intolleranze e persecuzioni. La <strong>Basilica del Santissimo Salvatore<\/strong>, che in seguito si chiamer\u00e0 San Giovanni in Laterano, sar\u00e0 l\u2019unica non costruita sulla sepoltura di un martire, bens\u00ec come <em>ex voto suscepto<\/em> (per grazia ricevuta), sui resti dei <em>Castra Nova Equitum singularium, <\/em>caserma dei pretoriani del rivale di Costantino, Massenzio.[\/vc_column_text][\/vc_column_inner][\/vc_row_inner][vc_empty_space][vc_row_inner equal_height=&#8221;yes&#8221;][vc_column_inner width=&#8221;1\/2&#8243; offset=&#8221;vc_hidden-sm vc_hidden-xs&#8221;][vc_single_image image=&#8221;388&#8243; img_size=&#8221;full&#8221; css_animation=&#8221;fadeIn&#8221;][\/vc_column_inner][vc_column_inner width=&#8221;1\/2&#8243; offset=&#8221;vc_hidden-sm vc_hidden-xs&#8221;][vc_column_text]La Basilica fu consacrata il 9 novembre del 318 e venne dedicata al Santissimo Salvatore da Papa Silvestro I. Ad essa, oltre che il Battistero, venne poi annesso <strong>il <em>Patriarchium<\/em><\/strong>, noto come La Casa del Vescovo di Roma.<\/p>\n<p>Nel corso dei secoli, tra danneggiamenti, traversie e saccheggi, questi luoghi conobbero il loro <strong>massimo splendore<\/strong> nel periodo medioevale, sotto il Papato di Innocenzo III e Bonifacio VIII.<\/p>\n<p>Il palazzo ricopr\u00ec la funzione di <strong>Residenza dei Papi per circa mille anni<\/strong>, ma, al rientro dell\u2019autorit\u00e0 Papale, a seguito del periodo denominato \u201ccattivit\u00e0 Avignovese\u201d (1309-1377), venne abbandonato.<\/p>\n<p>Come luogo scelto per ospitare il Papa venne designato il Vaticano, non solo per gli aspetti geografici che lo rendevano un luogo pi\u00f9 sicuro, ma soprattutto in virt\u00f9 della presenza della Tomba di Pietro, Principe degli Apostoli e Primo Pontefice della Chiesa Cristiana.<\/p>\n<p>L\u2019assenza forzata della presenza del Papato facilit\u00f2 il processo di abbandono e di deterioramento di tutto il complesso del Laterano, sottoposto nuovamente ad una serie di scorrerie.[\/vc_column_text][vc_empty_space height=&#8221;10px&#8221;][\/vc_column_inner][\/vc_row_inner][vc_row_inner equal_height=&#8221;yes&#8221;][vc_column_inner offset=&#8221;vc_hidden-lg vc_hidden-md&#8221;][vc_single_image image=&#8221;388&#8243; img_size=&#8221;full&#8221; css_animation=&#8221;fadeIn&#8221;][vc_column_text]La Basilica fu consacrata il 9 novembre del 318 e venne dedicata al Santissimo Salvatore da Papa Silvestro I. Ad essa, oltre che il Battistero, venne poi annesso <strong>il <em>Patriarchium<\/em><\/strong>, noto come La Casa del Vescovo di Roma.<\/p>\n<p>Nel corso dei secoli, tra danneggiamenti, traversie e saccheggi, questi luoghi conobbero il loro <strong>massimo splendore<\/strong> nel periodo medioevale, sotto il Papato di Innocenzo III e Bonifacio VIII.<\/p>\n<p>Il palazzo ricopr\u00ec la funzione di <strong>Residenza dei Papi per circa mille anni<\/strong>, ma, al rientro dell\u2019autorit\u00e0 Papale, a seguito del periodo denominato \u201ccattivit\u00e0 Avignovese\u201d (1309-1377), venne abbandonato.<\/p>\n<p>Come luogo scelto per ospitare il Papa venne designato il Vaticano, non solo per gli aspetti geografici che lo rendevano un luogo pi\u00f9 sicuro, ma soprattutto in virt\u00f9 della presenza della Tomba di Pietro, Principe degli Apostoli e Primo Pontefice della Chiesa Cristiana.<\/p>\n<p>L\u2019assenza forzata della presenza del Papato facilit\u00f2 il processo di abbandono e di deterioramento di tutto il complesso del Laterano, sottoposto nuovamente ad una serie di scorrerie.[\/vc_column_text][vc_empty_space height=&#8221;10px&#8221;][\/vc_column_inner][\/vc_row_inner][vc_empty_space][\/vc_column][\/vc_row][vc_row][vc_column][vc_row_inner][vc_column_inner width=&#8221;1\/4&#8243; offset=&#8221;vc_hidden-xs&#8221;][vc_single_image image=&#8221;430&#8243; img_size=&#8221;full&#8221; alignment=&#8221;center&#8221; css_animation=&#8221;fadeIn&#8221;][\/vc_column_inner][vc_column_inner width=&#8221;1\/2&#8243;][vc_single_image image=&#8221;415&#8243; img_size=&#8221;large&#8221; alignment=&#8221;center&#8221; css_animation=&#8221;fadeIn&#8221;][\/vc_column_inner][vc_column_inner width=&#8221;1\/4&#8243; offset=&#8221;vc_hidden-xs&#8221;][vc_single_image image=&#8221;434&#8243; img_size=&#8221;full&#8221; alignment=&#8221;center&#8221; css_animation=&#8221;fadeIn&#8221;][\/vc_column_inner][\/vc_row_inner][vc_row_inner][vc_column_inner][vc_column_text]Nonostante questo, il Palazzo continuer\u00e0 a mantenere intatta la prerogativa di <em>Patriarchium<\/em>: <strong>tutti i Papi<\/strong>, difatti, una volta eletti al soglio pontificio, <strong>faranno la loro presa di possesso nel Laterano.<\/strong><\/p>\n<p>La <strong>riqualificazione urbanistica<\/strong> di tutto il complesso sar\u00e0 ad opera di Papa Sisto V (1585-1590), il quale realizzer\u00e0, in soli cinque anni di pontificato, una serie di operazioni di ristrutturazione e di edificazione nell\u2019area circostante e in tutta l\u2019Urbe, allo scopo di rinnovare ed esaltare la figura della Chiesa universale e il suo Papato. Affida i lavori di esecuzione del <strong>Palazzo Apostolico<\/strong> a Domenico Fontana che abbatter\u00e0 definitivamente l\u2019antico <em>Patriarchium<\/em>, ormai del tutto inutilizzabile.<\/p>\n<p>Per alterne vicende, Papa Sisto V non riusc\u00ec a godere del Palazzo, dimorandovi soltanto un anno, dopodich\u00e9 mor\u00ec; gli altri pontefici scelsero con il tempo come sede definitiva quella del Vaticano. Le attivit\u00e0 invece che rimasero costanti presso il Palazzo apostolico furono quelle legate all\u2019<strong>assistenzialismo benefico<\/strong> ed alla <strong>cura dei pi\u00f9 bisognosi<\/strong>, grazie anche all\u2019impegno di personaggi illustri come Piero Caravita e Vincenzo Carafa, inoltre, grazie a Papa Innocenzo XII Pignatelli, l\u2019intero palazzo venne destinato <strong>\u201cad uso di mendicit\u00e0\u201d<\/strong>.<\/p>\n<p>Testimonianza di questo la si trova nell\u2019atto formale di donazione all\u2019<strong>Ospizio dei Poveri e Invalidi di San Michele<\/strong>: una delle pi\u00f9 importanti istituzioni assistenziali della Roma papale.[\/vc_column_text][\/vc_column_inner][\/vc_row_inner][\/vc_column][\/vc_row][vc_row full_width=&#8221;stretch_row&#8221; css=&#8221;.vc_custom_1636122042506{background-image: url(https:\/\/www.palazzolateranense.com\/wp-content\/uploads\/2021\/11\/sfondobasso.jpg?id=223) !important;background-position: center !important;background-repeat: no-repeat !important;background-size: contain !important;}&#8221; el_class=&#8221;sfondoVisite&#8221;][vc_column offset=&#8221;vc_hidden-sm vc_hidden-xs&#8221;][vc_row_inner content_placement=&#8221;middle&#8221;][vc_column_inner width=&#8221;1\/3&#8243;][vc_single_image image=&#8221;449&#8243; img_size=&#8221;306&#215;470&#8243; alignment=&#8221;center&#8221;][\/vc_column_inner][vc_column_inner width=&#8221;2\/3&#8243;][vc_column_text]Infine, proprio negli spazi disponibili del Palazzo Apostolico, venne insediata la <strong>sede distaccata del Conservatorio della Divina Provvidenza<\/strong>, detta anche \u201cdelle Zitelle\u201d, direttamente assoggettata all\u2019Ospizio di San Michele.<\/p>\n<p>Nell\u2019avvicendarsi dei diversi successori al soglio pontificio vari e diversi furono gli interventi di messa in opera e valorizzazione dell\u2019intero Palazzo: durante il 1800 venne adibito a <strong>Museo delle Arti e di Collezioni epigrafiche ed archeologiche<\/strong> mantenendo il lustro della sua antica tradizione.<\/p>\n<p>Nel 1929, nella sala della Conciliazione avviene un evento storico importantissimo: la <strong>stipula dei Patti Lateranensi<\/strong>, i cui firmatari furono l\u2019allora Capo del Governo Italiano, Benito Mussolini, e il segretario di Stato di Papa Pio XI, il Cardinale Pietro Gasparri.[\/vc_column_text][\/vc_column_inner][\/vc_row_inner][vc_row_inner equal_height=&#8221;yes&#8221;][vc_column_inner width=&#8221;1\/2&#8243;][vc_column_text]Lungo questo <strong>straordinario itinerario<\/strong> attraverseremo le sale principali che caratterizzavano il Palazzo Apostolico fino ad arrivare all\u2019<strong>appartamento privato del Vescovo di Roma.<\/strong><\/p>\n<p>Attraverso volte affrescate e magnifici soffitti ci addentreremo in ciascuna sala <strong>per poter ammirare<\/strong>\u00a0arazzi di pregevole fattura, quadri dei grandi maestri dell\u2019epoca e pregiati mobili antichi.<\/p>\n<p>Ciascuna stanza riveler\u00e0, attraverso le <strong>storie legate ai grandi Profeti ed Apostoli dell\u2019Antico e del Nuovo Testamento<\/strong>, le allegorie e i rimandi catechetici che ivi si celano, mentre le immagini dei personaggi storici ritratti che si affacciano alle pareti ed alle tappezzerie racconteranno quella parte importantissima di storia legata alle vicissitudini papali e allo Stato Vaticano.<\/p>\n<p>Il percorso continua negli <strong>ambienti privati del Sommo Pontefice<\/strong>: ci colpir\u00e0 l\u2019austerit\u00e0 di questi ambienti, una sobria eleganza, che ricorda la vera missione del Vescovo di Roma, essere al servizio di Dio e della Sua Chiesa: egli \u00e8 il <em>servus servorum Dei.<\/em>[\/vc_column_text][vc_empty_space height=&#8221;10px&#8221;][\/vc_column_inner][vc_column_inner width=&#8221;1\/2&#8243;][vc_single_image image=&#8221;451&#8243; img_size=&#8221;full&#8221;][\/vc_column_inner][\/vc_row_inner][\/vc_column][\/vc_row][vc_row full_width=&#8221;stretch_row&#8221; css=&#8221;.vc_custom_1636732230828{background-image: url(https:\/\/www.palazzolateranense.com\/wp-content\/uploads\/2021\/11\/palazzo-lateranense-fascia.jpg?id=478) !important;}&#8221;][vc_column width=&#8221;1\/6&#8243;][vc_empty_space][\/vc_column][vc_column width=&#8221;2\/3&#8243;][vc_column_text el_class=&#8221;white&#8221;]<\/p>\n<p style=\"text-align: center;\">Il viaggio continuer\u00e0 attraversando lo scalone che ci introdurr\u00e0 nel <strong>portico della Basilica Lateranense<\/strong>. Attraverso la navata centrale, accompagnati dalla presenza dei Dodici Apostoli, arriveremo all\u2019abside, il luogo dello spazio sacro che rappresenta il Cielo.<\/p>\n<p style=\"text-align: center;\">In linea perpendicolare, con il Volto di Cristo, con la Croce gemmata e la colomba dello Spirito Santo, ammiriamo la preziosa Cattedra. \u00c8 questa stessa <strong>Cattedra<\/strong>, che conferisce al neoeletto Papa, l\u2019autorit\u00e0 di successore di Pietro e di pastore, non solo della Chiesa di Roma, ma della Chiesa universale.<\/p>\n<p style=\"text-align: center;\"><strong>Solo il Vescovo di Roma pu\u00f2 sedere su questa Cattedra<\/strong>, in quanto, in qualit\u00e0 di Vicario di Cristo, partecipa del potere stesso del Signore di pascere il gregge che gli \u00e8 stato affidato.<\/p>\n<p style=\"text-align: center;\">Ecco allora l\u2019importanza del Patriarchio prima, del Palazzo Lateranense dopo e della Basilica: \u00ab<em>Questo \u00e8 il luogo eletto e benedetto dal quale, fedelmente nello scorrere dei secoli, la roccia sulla quale \u00e8 fondata la Chiesa conferma nella verit\u00e0 della fede tutti i fratelli, presiede nella carit\u00e0 tutte le Chiese e con ferma dolcezza tutti guida sulle vie della santit\u00e0\u00bb <\/em>(Dal Rito d\u2019insediamento del Vescovo di Roma sulla Cattedra Romana).<\/p>\n<p>[\/vc_column_text][vc_empty_space][\/vc_column][vc_column width=&#8221;1\/6&#8243;][vc_empty_space][\/vc_column][\/vc_row]<\/p>\n","protected":false},"excerpt":{"rendered":"<p>[vc_row full_width=&#8221;stretch_row&#8221; css=&#8221;.vc_custom_1636122042506{background-image: url(https:\/\/www.palazzolateranense.com\/wp-content\/uploads\/2021\/11\/sfondobasso.jpg?id=223) !important;background-position: center !important;background-repeat: no-repeat !important;background-size: contain !important;}&#8221; el_class=&#8221;sfondoVisite&#8221;][vc_column][vc_row_inner content_placement=&#8221;middle&#8221;][vc_column_inner width=&#8221;2\/3&#8243; offset=&#8221;vc_hidden-sm vc_hidden-xs&#8221;][vc_custom_heading text=&#8221;Il Palazzo Apostolico Lateranense e la Basilica di San Giovanni in Laterano&#8221; font_container=&#8221;tag:h2|font_size:50px|text_align:left|color:%231a3f92|line_height:61px&#8221; use_theme_fonts=&#8221;yes&#8221;][vc_empty_space][vc_column_text]Un viaggio entusiasmante tra le pagine della storia della Chiesa, dove arte e fede si intrecciano in una fecondit\u00e0 luminosa che riesce a trasmettere stupore, sapienza [&hellip;]<\/p>\n","protected":false},"author":1,"featured_media":0,"parent":0,"menu_order":0,"comment_status":"closed","ping_status":"closed","template":"tpl\/tpl-page.php","meta":[],"acf":[],"yoast_head":"<!-- This site is optimized with the Yoast SEO plugin v17.7.1 - https:\/\/yoast.com\/wordpress\/plugins\/seo\/ -->\n<title>La Casa e la Cattedrale del Vescovo di Roma - Palazzo Lateranense<\/title>\n<meta name=\"robots\" content=\"index, follow, max-snippet:-1, max-image-preview:large, max-video-preview:-1\" \/>\n<link rel=\"canonical\" href=\"https:\/\/www.palazzolateranense.com\/it\/la-casa-e-la-cattedrale-del-vescovo-di-roma\/\" \/>\n<meta property=\"og:locale\" content=\"it_IT\" \/>\n<meta property=\"og:type\" content=\"article\" \/>\n<meta property=\"og:title\" content=\"La Casa e la Cattedrale del Vescovo di Roma - Palazzo Lateranense\" \/>\n<meta property=\"og:description\" content=\"[vc_row full_width=&#8221;stretch_row&#8221; css=&#8221;.vc_custom_1636122042506{background-image: url(https:\/\/www.palazzolateranense.com\/wp-content\/uploads\/2021\/11\/sfondobasso.jpg?id=223) !important;background-position: center !important;background-repeat: no-repeat !important;background-size: contain !important;}&#8221; el_class=&#8221;sfondoVisite&#8221;][vc_column][vc_row_inner content_placement=&#8221;middle&#8221;][vc_column_inner width=&#8221;2\/3&#8243; offset=&#8221;vc_hidden-sm vc_hidden-xs&#8221;][vc_custom_heading text=&#8221;Il Palazzo Apostolico Lateranense e la Basilica di San Giovanni in Laterano&#8221; font_container=&#8221;tag:h2|font_size:50px|text_align:left|color:%231a3f92|line_height:61px&#8221; use_theme_fonts=&#8221;yes&#8221;][vc_empty_space][vc_column_text]Un viaggio entusiasmante tra le pagine della storia della Chiesa, dove arte e fede si intrecciano in una fecondit\u00e0 luminosa che riesce a trasmettere stupore, sapienza [&hellip;]\" \/>\n<meta property=\"og:url\" content=\"https:\/\/www.palazzolateranense.com\/it\/la-casa-e-la-cattedrale-del-vescovo-di-roma\/\" \/>\n<meta property=\"og:site_name\" content=\"Palazzo Lateranense\" \/>\n<meta property=\"article:modified_time\" content=\"2021-11-12T15:50:33+00:00\" \/>\n<meta name=\"twitter:card\" content=\"summary_large_image\" \/>\n<meta name=\"twitter:label1\" content=\"Tempo di lettura stimato\" \/>\n\t<meta name=\"twitter:data1\" content=\"10 minuti\" \/>\n<script type=\"application\/ld+json\" class=\"yoast-schema-graph\">{\"@context\":\"https:\/\/schema.org\",\"@graph\":[{\"@type\":\"WebSite\",\"@id\":\"https:\/\/www.palazzolateranense.com\/it\/#website\",\"url\":\"https:\/\/www.palazzolateranense.com\/it\/\",\"name\":\"Palazzo Lateranense\",\"description\":\"\",\"potentialAction\":[{\"@type\":\"SearchAction\",\"target\":{\"@type\":\"EntryPoint\",\"urlTemplate\":\"https:\/\/www.palazzolateranense.com\/it\/?s={search_term_string}\"},\"query-input\":\"required name=search_term_string\"}],\"inLanguage\":\"it-IT\"},{\"@type\":\"WebPage\",\"@id\":\"https:\/\/www.palazzolateranense.com\/it\/la-casa-e-la-cattedrale-del-vescovo-di-roma\/#webpage\",\"url\":\"https:\/\/www.palazzolateranense.com\/it\/la-casa-e-la-cattedrale-del-vescovo-di-roma\/\",\"name\":\"La Casa e la Cattedrale del Vescovo di Roma - Palazzo Lateranense\",\"isPartOf\":{\"@id\":\"https:\/\/www.palazzolateranense.com\/it\/#website\"},\"datePublished\":\"2021-11-12T13:22:29+00:00\",\"dateModified\":\"2021-11-12T15:50:33+00:00\",\"breadcrumb\":{\"@id\":\"https:\/\/www.palazzolateranense.com\/it\/la-casa-e-la-cattedrale-del-vescovo-di-roma\/#breadcrumb\"},\"inLanguage\":\"it-IT\",\"potentialAction\":[{\"@type\":\"ReadAction\",\"target\":[\"https:\/\/www.palazzolateranense.com\/it\/la-casa-e-la-cattedrale-del-vescovo-di-roma\/\"]}]},{\"@type\":\"BreadcrumbList\",\"@id\":\"https:\/\/www.palazzolateranense.com\/it\/la-casa-e-la-cattedrale-del-vescovo-di-roma\/#breadcrumb\",\"itemListElement\":[{\"@type\":\"ListItem\",\"position\":1,\"name\":\"Home\",\"item\":\"https:\/\/www.palazzolateranense.com\/it\/\"},{\"@type\":\"ListItem\",\"position\":2,\"name\":\"La Casa e la Cattedrale del Vescovo di Roma\"}]}]}<\/script>\n<!-- \/ Yoast SEO plugin. -->","yoast_head_json":{"title":"La Casa e la Cattedrale del Vescovo di Roma - Palazzo Lateranense","robots":{"index":"index","follow":"follow","max-snippet":"max-snippet:-1","max-image-preview":"max-image-preview:large","max-video-preview":"max-video-preview:-1"},"canonical":"https:\/\/www.palazzolateranense.com\/it\/la-casa-e-la-cattedrale-del-vescovo-di-roma\/","og_locale":"it_IT","og_type":"article","og_title":"La Casa e la Cattedrale del Vescovo di Roma - Palazzo Lateranense","og_description":"[vc_row full_width=&#8221;stretch_row&#8221; css=&#8221;.vc_custom_1636122042506{background-image: url(https:\/\/www.palazzolateranense.com\/wp-content\/uploads\/2021\/11\/sfondobasso.jpg?id=223) !important;background-position: center !important;background-repeat: no-repeat !important;background-size: contain !important;}&#8221; el_class=&#8221;sfondoVisite&#8221;][vc_column][vc_row_inner content_placement=&#8221;middle&#8221;][vc_column_inner width=&#8221;2\/3&#8243; offset=&#8221;vc_hidden-sm vc_hidden-xs&#8221;][vc_custom_heading text=&#8221;Il Palazzo Apostolico Lateranense e la Basilica di San Giovanni in Laterano&#8221; font_container=&#8221;tag:h2|font_size:50px|text_align:left|color:%231a3f92|line_height:61px&#8221; use_theme_fonts=&#8221;yes&#8221;][vc_empty_space][vc_column_text]Un viaggio entusiasmante tra le pagine della storia della Chiesa, dove arte e fede si intrecciano in una fecondit\u00e0 luminosa che riesce a trasmettere stupore, sapienza [&hellip;]","og_url":"https:\/\/www.palazzolateranense.com\/it\/la-casa-e-la-cattedrale-del-vescovo-di-roma\/","og_site_name":"Palazzo Lateranense","article_modified_time":"2021-11-12T15:50:33+00:00","twitter_card":"summary_large_image","twitter_misc":{"Tempo di lettura stimato":"10 minuti"},"schema":{"@context":"https:\/\/schema.org","@graph":[{"@type":"WebSite","@id":"https:\/\/www.palazzolateranense.com\/it\/#website","url":"https:\/\/www.palazzolateranense.com\/it\/","name":"Palazzo Lateranense","description":"","potentialAction":[{"@type":"SearchAction","target":{"@type":"EntryPoint","urlTemplate":"https:\/\/www.palazzolateranense.com\/it\/?s={search_term_string}"},"query-input":"required name=search_term_string"}],"inLanguage":"it-IT"},{"@type":"WebPage","@id":"https:\/\/www.palazzolateranense.com\/it\/la-casa-e-la-cattedrale-del-vescovo-di-roma\/#webpage","url":"https:\/\/www.palazzolateranense.com\/it\/la-casa-e-la-cattedrale-del-vescovo-di-roma\/","name":"La Casa e la Cattedrale del Vescovo di Roma - Palazzo Lateranense","isPartOf":{"@id":"https:\/\/www.palazzolateranense.com\/it\/#website"},"datePublished":"2021-11-12T13:22:29+00:00","dateModified":"2021-11-12T15:50:33+00:00","breadcrumb":{"@id":"https:\/\/www.palazzolateranense.com\/it\/la-casa-e-la-cattedrale-del-vescovo-di-roma\/#breadcrumb"},"inLanguage":"it-IT","potentialAction":[{"@type":"ReadAction","target":["https:\/\/www.palazzolateranense.com\/it\/la-casa-e-la-cattedrale-del-vescovo-di-roma\/"]}]},{"@type":"BreadcrumbList","@id":"https:\/\/www.palazzolateranense.com\/it\/la-casa-e-la-cattedrale-del-vescovo-di-roma\/#breadcrumb","itemListElement":[{"@type":"ListItem","position":1,"name":"Home","item":"https:\/\/www.palazzolateranense.com\/it\/"},{"@type":"ListItem","position":2,"name":"La Casa e la Cattedrale del Vescovo di Roma"}]}]}},"_links":{"self":[{"href":"https:\/\/www.palazzolateranense.com\/it\/wp-json\/wp\/v2\/pages\/288"}],"collection":[{"href":"https:\/\/www.palazzolateranense.com\/it\/wp-json\/wp\/v2\/pages"}],"about":[{"href":"https:\/\/www.palazzolateranense.com\/it\/wp-json\/wp\/v2\/types\/page"}],"author":[{"embeddable":true,"href":"https:\/\/www.palazzolateranense.com\/it\/wp-json\/wp\/v2\/users\/1"}],"replies":[{"embeddable":true,"href":"https:\/\/www.palazzolateranense.com\/it\/wp-json\/wp\/v2\/comments?post=288"}],"version-history":[{"count":17,"href":"https:\/\/www.palazzolateranense.com\/it\/wp-json\/wp\/v2\/pages\/288\/revisions"}],"predecessor-version":[{"id":480,"href":"https:\/\/www.palazzolateranense.com\/it\/wp-json\/wp\/v2\/pages\/288\/revisions\/480"}],"wp:attachment":[{"href":"https:\/\/www.palazzolateranense.com\/it\/wp-json\/wp\/v2\/media?parent=288"}],"curies":[{"name":"wp","href":"https:\/\/api.w.org\/{rel}","templated":true}]}}